{"id":2476,"date":"2025-08-10T11:02:31","date_gmt":"2025-08-10T11:02:31","guid":{"rendered":"https:\/\/bidichovek.org.mk\/?page_id=2476"},"modified":"2025-08-24T11:38:41","modified_gmt":"2025-08-24T11:38:41","slug":"prevention-is-better-than-cure","status":"publish","type":"page","link":"https:\/\/bidichovek.org.mk\/en\/prevention-is-better-than-cure\/","title":{"rendered":"Prevention Is Better Than Cure"},"content":{"rendered":"<div class=\"wpb-content-wrapper\"><div class=\"vc_row wpb_row vc_row-fluid\"><div class=\"wpb_column vc_column_container vc_col-sm-12\"><div class=\"vc_column-inner\"><div class=\"wpb_wrapper\">\n\t<div  class=\"wpb_single_image wpb_content_element vc_align_left wpb_content_element\">\n\t\t\n\t\t<figure class=\"wpb_wrapper vc_figure\">\n\t\t\t<div class=\"vc_single_image-wrapper   vc_box_border_grey\"><img loading=\"lazy\" decoding=\"async\" width=\"1905\" height=\"929\" src=\"https:\/\/bidichovek.org.mk\/wp-content\/uploads\/2025\/07\/viber_image_2024-03-21_10-03-55-800.jpg\" class=\"vc_single_image-img attachment-full\" alt=\"\" title=\"viber_image_2024-03-21_10-03-55-800\" srcset=\"https:\/\/bidichovek.org.mk\/wp-content\/uploads\/2025\/07\/viber_image_2024-03-21_10-03-55-800.jpg 1905w, https:\/\/bidichovek.org.mk\/wp-content\/uploads\/2025\/07\/viber_image_2024-03-21_10-03-55-800-300x146.jpg 300w, https:\/\/bidichovek.org.mk\/wp-content\/uploads\/2025\/07\/viber_image_2024-03-21_10-03-55-800-1024x499.jpg 1024w, https:\/\/bidichovek.org.mk\/wp-content\/uploads\/2025\/07\/viber_image_2024-03-21_10-03-55-800-768x375.jpg 768w, https:\/\/bidichovek.org.mk\/wp-content\/uploads\/2025\/07\/viber_image_2024-03-21_10-03-55-800-80x39.jpg 80w, https:\/\/bidichovek.org.mk\/wp-content\/uploads\/2025\/07\/viber_image_2024-03-21_10-03-55-800-1536x749.jpg 1536w, https:\/\/bidichovek.org.mk\/wp-content\/uploads\/2025\/07\/viber_image_2024-03-21_10-03-55-800-600x293.jpg 600w\" sizes=\"auto, (max-width: 1905px) 100vw, 1905px\" \/><\/div>\n\t\t<\/figure>\n\t<\/div>\n<\/div><\/div><\/div><\/div><div class=\"vc_row wpb_row vc_row-fluid\"><div class=\"wpb_column vc_column_container vc_col-sm-6\"><div class=\"vc_column-inner\"><div class=\"wpb_wrapper\">\n\t<div class=\"wpb_video_widget wpb_content_element vc_clearfix   vc_video-aspect-ratio-169 vc_video-el-width-100 vc_video-align-left\" >\n\t\t<div class=\"wpb_wrapper\">\n\t\t\t\n\t\t\t<div class=\"wpb_video_wrapper\"><iframe loading=\"lazy\" title=\"\u041f\u0440\u0435\u0432\u0435\u043d\u0446\u0438\u0458\u0430 \u043f\u043e\u0434\u043e\u0431\u0440\u043e \u043e\u0434 \u043b\u0435\u043a\u0443\u0432\u0430\u045a\u0435 \/ Parandalimi \u00ebsht\u00eb m\u00eb i mir\u00eb se kurimi \/ Prevention better than cure\" width=\"500\" height=\"281\" src=\"https:\/\/www.youtube.com\/embed\/l_YgU6FCqKM?feature=oembed\" frameborder=\"0\" allow=\"accelerometer; autoplay; clipboard-write; encrypted-media; gyroscope; picture-in-picture; web-share\" referrerpolicy=\"strict-origin-when-cross-origin\" allowfullscreen><\/iframe><\/div>\n\t\t<\/div>\n\t<\/div>\n<\/div><\/div><\/div><div class=\"wpb_column vc_column_container vc_col-sm-6\"><div class=\"vc_column-inner\"><div class=\"wpb_wrapper\">\n\t<div class=\"wpb_video_widget wpb_content_element vc_clearfix   vc_video-aspect-ratio-169 vc_video-el-width-100 vc_video-align-left\" >\n\t\t<div class=\"wpb_wrapper\">\n\t\t\t\n\t\t\t<div class=\"wpb_video_wrapper\"><iframe loading=\"lazy\" title=\"\u201e\u041f\u0440\u0435\u0432\u0435\u043d\u0446\u0438\u0458\u0430 \u043f\u043e\u0434\u043e\u0431\u0440\u043e \u043e\u0434 \u043b\u0435\u043a\u0443\u0432\u0430\u045a\u0435\u201c \u043d\u0430 \u0437\u043d\u0430\u043a\u043e\u0432\u0435\u043d \u0458\u0430\u0437\u0438\u043a\" width=\"500\" height=\"281\" src=\"https:\/\/www.youtube.com\/embed\/fpv7C8M9MRQ?feature=oembed\" frameborder=\"0\" allow=\"accelerometer; autoplay; clipboard-write; encrypted-media; gyroscope; picture-in-picture; web-share\" referrerpolicy=\"strict-origin-when-cross-origin\" allowfullscreen><\/iframe><\/div>\n\t\t<\/div>\n\t<\/div>\n<\/div><\/div><\/div><\/div><div class=\"vc_row wpb_row vc_row-fluid\"><div class=\"wpb_column vc_column_container vc_col-sm-12\"><div class=\"vc_column-inner\"><div class=\"wpb_wrapper\">\n\t<div class=\"wpb_text_column wpb_content_element\" >\n\t\t<div class=\"wpb_wrapper\">\n\t\t\t<p>\u0417\u0434\u0440\u0443\u0436\u0435\u043d\u0438\u0435\u0442\u043e \u0437\u0430 \u0443\u043d\u0430\u043f\u0440\u0435\u0434\u0443\u0432\u0430\u045a\u0435, \u043e\u0431\u0440\u0430\u0437\u043e\u0432\u0430\u043d\u0438\u0435 \u0438 \u0437\u0430\u0448\u0442\u0438\u0442\u0430 \u043d\u0430 \u0447\u043e\u0432\u0435\u043a\u043e\u0432\u0438\u0442\u0435 \u0438 \u0437\u0434\u0440\u0430\u0432\u0441\u0442\u0432\u0435\u043d\u0438\u0442\u0435 \u043f\u0440\u0430\u0432\u0430, \u0411\u0418\u0414\u0418 \u0427\u041e\u0412\u0415\u041a \u0421\u043a\u043e\u043f\u0458\u0435, \u0441\u043e \u043f\u043e\u0434\u0434\u0440\u0448\u043a\u0430 \u043e\u0434 dm drogerie markt \u0437\u0430\u043f\u043e\u0447\u043d\u0430 \u0441\u043e \u043a\u0430\u043c\u043f\u0430\u045a\u0430\u0442\u0430<strong>&nbsp;\u201e\u041f\u0440\u0435\u0432\u0435\u043d\u0446\u0438\u0458\u0430 \u043f\u043e\u0434\u043e\u0431\u0440\u043e \u043e\u0434 \u043b\u0435\u043a\u0443\u0432\u0430\u045a\u0435\u201c&nbsp;<\/strong>\u0437\u0430 \u043f\u043e\u0434\u0438\u0433\u043d\u0443\u0432\u0430\u045a\u0435 \u043d\u0430 \u0458\u0430\u0432\u043d\u0430\u0442\u0430 \u0441\u0432\u0435\u0441\u0442 \u0437\u0430 \u043e\u0432\u0430\u0440\u0438\u0458\u0430\u043b\u043d\u0438\u043e\u0442 \u043a\u0430\u0440\u0446\u0438\u043d\u043e\u043c.<\/p>\n<p>\u0417\u0430 \u043f\u043e\u0442\u0440\u0435\u0431\u0438\u0442\u0435 \u043d\u0430 \u043a\u0430\u043c\u043f\u0430\u045a\u0430\u0442\u0430 \u0435 \u0441\u043d\u0438\u043c\u0435\u043d&nbsp;<a href=\"https:\/\/youtu.be\/l_YgU6FCqKM\"><strong>\u0434\u043e\u043a\u0443\u043c\u0435\u043d\u0442\u0430\u0440\u0435\u043d \u0444\u0438\u043b\u043c<\/strong><\/a>&nbsp;\u0432\u043e \u043a\u043e\u0458 \u0441\u0432\u043e\u0438\u0442\u0435 \u043b\u0438\u0447\u043d\u0438 \u043f\u0440\u0438\u043a\u0430\u0437\u043d\u0438 \u0433\u0438 \u0440\u0430\u0441\u043a\u0430\u0436\u0443\u0432\u0430\u0430\u0442 \u0442\u0440\u0438 \u0438\u0437\u0432\u043e\u043d\u0440\u0435\u0434\u043d\u0438 \u0436\u0435\u043d\u0438&nbsp;<strong>\u0410\u043d\u0438\u0442\u0430 \u0411\u043e\u0448\u043a\u043e\u0432\u0430, \u0415\u043c\u0438\u043b\u0438\u0458\u0430 \u0425\u0440\u0438\u0441\u0442\u043e\u0432\u0441\u043a\u0430 \u041a\u043e\u0441\u0442\u043e\u0432\u0441\u043a\u0430 \u0438 \u041c\u0430\u0440\u0438\u0458\u0430 \u0421\u043e\u0442\u0438\u043c\u0435\u043d\u043e\u0432\u0430<\/strong>&nbsp;\u043a\u043e\u0438 \u0441\u0435 \u0438\u0437\u0431\u043e\u0440\u0438\u043b\u0435 \u0441\u043e \u0440\u0430\u043a\u043e\u0442 \u043d\u0430 \u0458\u0430\u0458\u043d\u0438\u0446\u0438\u0442\u0435.<\/p>\n<p>\u041c\u0435\u0434\u0438\u0446\u0438\u043d\u0441\u043a\u0438\u043e\u0442 \u0430\u0441\u043f\u043a\u0435\u0442 \u043d\u0430 \u043e\u0432\u0430\u0440\u0438\u0458\u0430\u043b\u043d\u0438\u043e\u0442 \u043a\u0430\u0440\u0446\u0438\u043d\u043e\u043c \u0433\u043e \u043e\u0431\u0458\u0430\u0441\u043d\u0443\u0430\u0430\u0442 \u043f\u0440\u043e\u0444\u0435\u0441\u043e\u0440\u0438\u0442\u0435 \u043f\u043e \u0433\u0438\u043d\u0435\u043a\u043e\u043b\u043e\u0433\u0438\u0458\u0430 \u0438 \u0430\u043a\u0443\u0448\u0435\u0440\u0441\u0442\u0432\u043e,&nbsp;<strong>\u041f\u0440\u043e\u0444. \u0414-\u0440 \u0410\u043d\u0430 \u0414\u0430\u043d\u0435\u0432\u0430 \u041c\u0430\u0440\u043a\u043e\u0432\u0430 \u0438 \u041f\u0440\u043e\u0444. \u0414-\u0440 \u0413\u043b\u0438\u0433\u043e\u0440 \u0422\u043e\u0444\u043e\u0441\u043a\u0438<\/strong>. \u0417\u0430 \u0442\u043e\u0430 \u043d\u0438\u0437 \u0448\u0442\u043e \u043f\u0441\u0438\u0445\u0438\u043b\u043e\u0448\u043a\u0438 \u043f\u043e\u043c\u0438\u043d\u0443\u0432\u0430\u0430\u0442 \u043b\u0438\u0446\u0430\u0442\u0430 \u0437\u0430\u0431\u043e\u043b\u0435\u043d\u0438 \u043e\u0434 \u043a\u0430\u0440\u0446\u0438\u043d\u043e\u043c \u043f\u0440\u0435\u043d\u0435\u0441\u0443\u0432\u0430 \u043f\u0441\u0438\u0445\u043e\u043b\u043e\u0433\u043e\u0442&nbsp;<strong>\u041c\u0438\u0440\u0458\u0430\u043d\u0430 \u0421\u0442\u043e\u0458\u0430\u043d\u043e\u0432\u0441\u043a\u0430<\/strong>, \u0430 \u043f\u0430\u043a \u0437\u0430 \u0442\u043e\u0430 \u043a\u043e\u0438 \u0441\u0435 \u0437\u0434\u0440\u0430\u0432\u0441\u0442\u0432\u0435\u043d\u0438\u0442\u0435 \u043f\u0440\u0430\u0432\u0430 \u043d\u0430 \u043f\u0430\u0446\u0438\u0435\u043d\u0442\u0438\u0442\u0435 \u0432\u043e \u043e\u0434\u043d\u043e\u0441 \u043d\u0430 \u0440\u0430\u0431\u043e\u0442\u043d\u0438\u043e\u0442 \u043e\u0434\u043d\u043e\u0441 \u043c\u043e\u0436\u0435\u043c\u0435 \u0434\u0430 \u0441\u043b\u0443\u0448\u043d\u0435\u043c\u0435 \u043e\u0434 \u043f\u0440\u0430\u0432\u043d\u0438\u0447\u043a\u0430\u0442\u0430&nbsp;<strong>\u041d\u0435\u0434\u0430 \u0427\u0430\u043b\u043e\u0432\u0441\u043a\u0430 \u0414\u0438\u043c\u043e\u0432\u0430.<\/strong><\/p>\n<p>\u0421\u043e \u043e\u0432\u0430\u0430 \u043a\u0430\u043c\u043f\u0430\u045a\u0430 \u0433\u0438 \u043f\u0440\u0435\u043d\u0435\u0441\u0443\u0432\u0430\u043c\u0435 \u0438 \u0433\u0438 \u0438\u0441\u0442\u0430\u043a\u043d\u0443\u0432\u0430\u043c\u0435 \u043a\u043b\u0443\u0447\u043d\u0438\u0442\u0435 \u0438\u043d\u0444\u043e\u0440\u043c\u0430\u0446\u0438\u0438 \u0437\u0430 \u0440\u0430\u043a\u043e\u0442 \u043d\u0430 \u0458\u0430\u0458\u043d\u0438\u0446\u0438\u0442\u0435 \u0437\u0430 \u0434\u0430 \u0458\u0430 \u043f\u043e\u0434\u0438\u0433\u043d\u0435\u043c\u0435 \u0441\u0432\u0435\u0441\u0442\u0430 \u0438 \u0434\u0430 \u0458\u0430 \u0435\u0434\u0443\u0446\u0438\u0440\u0430\u043c\u0435 \u0458\u0430\u0432\u043d\u043e\u0441\u0442\u0430 \u0437\u0430 \u0440\u0435\u0434\u043e\u0432\u043d\u0438\u0442\u0435 \u0433\u0438\u043d\u0435\u043a\u043e\u043b\u043e\u0448\u043a\u0438 \u043f\u0440\u0435\u0433\u043b\u0435\u0434\u0438.<\/p>\n<p>\u0420\u0430\u043a\u043e\u0442 \u043d\u0430 \u0458\u0430\u0458\u043d\u0438\u0446\u0438\u0442\u0435 \u0447\u0435\u0441\u0442\u043e \u0441\u0435 \u043d\u0430\u0440\u0435\u043a\u0443\u0432\u0430 \u0442\u0438\u0432\u043e\u043a \u0443\u0431\u0438\u0435\u0446 \u043f\u043e\u0440\u0430\u0434\u0438 \u043d\u0435\u0433\u043e\u0432\u0438\u0442\u0435 \u0441\u0443\u043f\u0442\u0438\u043b\u043d\u0438 \u0441\u0438\u043c\u043f\u0442\u043e\u043c\u0438 \u0438 \u0432\u0438\u0441\u043e\u043a\u0430\u0442\u0430 \u0441\u0442\u0430\u043f\u043a\u0430 \u043d\u0430 \u0441\u043c\u0440\u0442\u043d\u043e\u0441\u0442. \u0422\u043e\u0458 \u0435 \u0441\u0435\u0434\u043c\u0438 \u043d\u0430\u0458\u0447\u0435\u0441\u0442 \u0440\u0430\u043a \u043a\u0430\u0458 \u0436\u0435\u043d\u0438\u0442\u0435 \u043d\u0430 \u0433\u043b\u043e\u0431\u0430\u043b\u043d\u043e \u043d\u0438\u0432\u043e \u0438 \u0432\u0442\u043e\u0440 \u043d\u0430\u0458\u0447\u0435\u0441\u0442 \u0433\u0438\u043d\u0435\u043a\u043e\u043b\u043e\u0448\u043a\u0438 \u043a\u0430\u0440\u0446\u0438\u043d\u043e\u043c, \u0448\u0442\u043e \u0434\u043e\u0432\u0435\u0434\u0443\u0432\u0430 \u0434\u043e \u043f\u0440\u0438\u0431\u043b\u0438\u0436\u043d\u043e 185.000 \u0441\u043c\u0440\u0442\u043d\u0438 \u0441\u043b\u0443\u0447\u0430\u0438 \u0433\u043e\u0434\u0438\u0448\u043d\u043e \u0448\u0438\u0440\u0443\u043c \u0441\u0432\u0435\u0442\u043e\u0442. \u0420\u0430\u043d\u043e\u0442\u043e \u043e\u0442\u043a\u0440\u0438\u0432\u0430\u045a\u0435 \u0437\u043d\u0430\u0447\u0438\u0442\u0435\u043b\u043d\u043e \u0433\u0438 \u043f\u043e\u0434\u043e\u0431\u0440\u0443\u0432\u0430 \u0441\u0442\u0430\u043f\u043a\u0438\u0442\u0435 \u043d\u0430 \u043f\u0440\u0435\u0436\u0438\u0432\u0443\u0432\u0430\u045a\u0435, \u043f\u0440\u0430\u0432\u0435\u0458\u045c\u0438 \u0458\u0430 \u0441\u0432\u0435\u0441\u043d\u043e\u0441\u0442\u0430 \u0438 \u043e\u0431\u0440\u0430\u0437\u043e\u0432\u0430\u043d\u0438\u0435\u0442\u043e \u043a\u043b\u0443\u0447\u043d\u0438.<\/p>\n<h5><strong>\u0421\u0438\u043c\u043f\u0442\u043e\u043c\u0438<\/strong><\/h5>\n<p>\u0420\u0430\u043a\u043e\u0442 \u043d\u0430 \u0458\u0430\u0458\u043d\u0438\u0446\u0438\u0442\u0435 \u0447\u0435\u0441\u0442\u043e \u0441\u0435 \u043c\u0430\u043d\u0438\u0444\u0435\u0441\u0442\u0438\u0440\u0430 \u0441\u043e \u0441\u0443\u043f\u0442\u0438\u043b\u043d\u0438 \u0441\u0438\u043c\u043f\u0442\u043e\u043c\u0438 \u043a\u043e\u0438 \u043c\u043e\u0436\u0435 \u0434\u0430 \u0441\u0435 \u043f\u043e\u043c\u0435\u0448\u0430\u0430\u0442 \u0441\u043e \u043f\u043e\u043c\u0430\u043b\u043a\u0443 \u0441\u0435\u0440\u0438\u043e\u0437\u043d\u0438 \u0441\u043e\u0441\u0442\u043e\u0458\u0431\u0438. \u0412\u043e\u043e\u0431\u0438\u0447\u0430\u0435\u043d\u0438 \u0441\u0438\u043c\u043f\u0442\u043e\u043c\u0438 \u0432\u043a\u043b\u0443\u0447\u0443\u0432\u0430\u0430\u0442: \u0430\u0431\u0434\u043e\u043c\u0438\u043d\u0430\u043b\u043d\u0430 \u043d\u0430\u0434\u0443\u0435\u043d\u043e\u0441\u0442 \u0438\u043b\u0438 \u043e\u0442\u043e\u043a; \u0431\u0440\u0437\u043e \u0437\u0430\u0441\u0438\u0442\u0443\u0432\u0430\u045a\u0435; \u0433\u0443\u0431\u0435\u045a\u0435 \u043d\u0430 \u0442\u0435\u0436\u0438\u043d\u0430; \u043d\u0435\u043f\u0440\u0438\u0458\u0430\u0442\u043d\u043e\u0441\u0442 \u0432\u043e \u043f\u0440\u0435\u0434\u0435\u043b\u043e\u0442 \u043d\u0430 \u043a\u0430\u0440\u043b\u0438\u0446\u0430\u0442\u0430; \u043f\u0440\u043e\u043c\u0435\u043d\u0438 \u0432\u043e \u043d\u0430\u0432\u0438\u043a\u0438\u0442\u0435 \u043d\u0430 \u0434\u0435\u0431\u0435\u043b\u043e\u0442\u043e \u0446\u0440\u0435\u0432\u043e, \u043a\u0430\u043a\u043e \u0448\u0442\u043e \u0435 \u0437\u0430\u043f\u0435\u043a; \u0447\u0435\u0441\u0442\u0430 \u043f\u043e\u0442\u0440\u0435\u0431\u0430 \u0437\u0430 \u043c\u043e\u043a\u0440\u0435\u045a\u0435.<\/p>\n<h5><strong>\u0414\u0438\u0458\u0430\u0433\u043d\u043e\u0437\u0430<\/strong><\/h5>\n<p>\u0420\u0430\u043d\u043e\u0442\u043e \u043e\u0442\u043a\u0440\u0438\u0432\u0430\u045a\u0435 \u0435 \u043a\u0440\u0438\u0442\u0438\u0447\u043d\u043e, \u043d\u043e \u043f\u0440\u0435\u0434\u0438\u0437\u0432\u0438\u043a\u0443\u0432\u0430\u0447\u043a\u043e \u043f\u043e\u0440\u0430\u0434\u0438 \u043d\u0435\u0441\u043f\u0435\u0446\u0438\u0444\u0438\u0447\u043d\u0438 \u0441\u0438\u043c\u043f\u0442\u043e\u043c\u0438. \u0414\u0438\u0458\u0430\u0433\u043d\u043e\u0441\u0442\u0438\u0447\u043a\u0438\u0442\u0435 \u0447\u0435\u043a\u043e\u0440\u0438 \u0432\u043a\u043b\u0443\u0447\u0443\u0432\u0430\u0430\u0442: \u0443\u043b\u0442\u0440\u0430\u0437\u0432\u0443\u0447\u0435\u043d \u043f\u0440\u0435\u0433\u043b\u0435\u0434 \u043d\u0430 \u0433\u0435\u043d\u0438\u0442\u0430\u043b\u043d\u0438\u0442\u0435 \u043e\u0440\u0433\u0430\u043d\u0438, &nbsp;\u0431\u0438\u043e\u0445\u0435\u043c\u0438\u0441\u043a\u0438 \u043c\u0430\u0440\u043a\u0435\u0440\u0438: CA-125 \u0438 HE-4, \u0434\u043e\u043f\u043e\u043b\u043d\u0438\u0442\u0435\u043b\u043d\u0438 \u0434\u0438\u0458\u0430\u0433\u043d\u043e\u0441\u0442\u0438\u0447\u043a\u0438 \u043c\u0435\u0442\u043e\u0434\u0438 \u043a\u0430\u043a\u043e \u043c\u0430\u0433\u043d\u0435\u0442\u043d\u0430 \u0440\u0435\u0437\u043e\u043d\u0430\u043d\u0446\u0430 \u0438 \u043a\u043e\u043c\u043f\u0458\u0443\u0442\u0435\u0440\u0441\u043a\u0430 \u0442\u043e\u043c\u043e\u0433\u0440\u0430\u0444\u0438\u0458\u0430.<\/p>\n<h5><strong>\u0422\u0435\u0440\u0430\u043f\u0438\u0458\u0430<\/strong><\/h5>\n<p>\u041f\u043b\u0430\u043d\u043e\u0432\u0438\u0442\u0435 \u0437\u0430 \u043b\u0435\u043a\u0443\u0432\u0430\u045a\u0435 \u0441\u0435 \u043f\u0440\u0438\u043b\u0430\u0433\u043e\u0434\u0435\u043d\u0438 \u043d\u0430 \u043f\u043e\u0435\u0434\u0438\u043d\u0435\u0446\u043e\u0442 \u0438 \u0444\u0430\u0437\u0430\u0442\u0430 \u043d\u0430 \u0440\u0430\u043a, \u0430 \u043c\u043e\u0436\u0435 \u0434\u0430 \u0431\u0438\u0434\u0430\u0442:<\/p>\n<p>\u041e\u043f\u0435\u0440\u0430\u0446\u0438\u0458\u0430 \u2013 \u0447\u0435\u0441\u0442\u043e \u043f\u0440\u0432\u0438\u043e\u0442 \u0447\u0435\u043a\u043e\u0440 \u0437\u0430 \u043e\u0442\u0441\u0442\u0440\u0430\u043d\u0443\u0432\u0430\u045a\u0435 \u0442\u0443\u043c\u043e\u0440\u043e\u0442, \u0445\u0435\u043c\u043e\u0442\u0435\u0440\u0430\u043f\u0438\u0458\u0430, \u0446\u0435\u043b\u043d\u0430 \u0442\u0435\u0440\u0430\u043f\u0438\u0458\u0430 \u0438 \u0442\u0435\u0440\u0430\u043f\u0438\u0458\u0430 \u0441\u043e \u0437\u0440\u0430\u0447\u0435\u045a\u0435.<\/p>\n<h5><strong>\u0420\u0430\u043a \u043d\u0430 \u0458\u0430\u0458\u043d\u0438\u0446\u0438\u0442\u0435 \u0432\u043e \u0431\u0440\u0435\u043c\u0435\u043d\u043e\u0441\u0442<\/strong><\/h5>\n<p>\u041e\u0442\u043a\u0440\u0438\u0432\u0430\u045a\u0435\u0442\u043e \u043d\u0430 \u0440\u0430\u043a \u043d\u0430 \u0458\u0430\u0458\u043d\u0438\u0446\u0438\u0442\u0435 \u0432\u043e \u0442\u0435\u043a \u043d\u0430 \u0431\u0440\u0435\u043c\u0435\u043d\u043e\u0441\u0442 \u0435 \u0440\u0435\u0442\u043a\u043e, \u043d\u043e \u043c\u043e\u0436\u043d\u043e. \u0421\u0438\u043c\u043f\u0442\u043e\u043c\u0438\u0442\u0435 \u043c\u043e\u0436\u0435 \u0434\u0430 \u0441\u0435 \u043f\u043e\u043a\u043b\u043e\u043f\u0443\u0432\u0430\u0430\u0442 \u0441\u043e \u043d\u043e\u0440\u043c\u0430\u043b\u043d\u0438\u0442\u0435 \u043f\u0440\u043e\u043c\u0435\u043d\u0438 \u0432\u043e \u0431\u0440\u0435\u043c\u0435\u043d\u043e\u0441\u0442\u0430.<\/p>\n<p>\u0423\u0440\u0430\u043c\u043d\u043e\u0442\u0435\u0436\u0443\u0432\u0430\u045a\u0435\u0442\u043e \u043d\u0430 \u0435\u0444\u0435\u043a\u0442\u0438\u0432\u043d\u0438\u043e\u0442 \u0442\u0440\u0435\u0442\u043c\u0430\u043d \u0441\u043e \u0437\u0434\u0440\u0430\u0432\u0458\u0435\u0442\u043e \u043d\u0430 \u043c\u0430\u0458\u043a\u0430\u0442\u0430 \u0438 \u0431\u0435\u0431\u0435\u0442\u043e \u0435 \u043e\u0434 \u043a\u043b\u0443\u0447\u043d\u043e \u0437\u043d\u0430\u0447\u0435\u045a\u0435. \u041e\u043f\u0446\u0438\u0438\u0442\u0435 \u0432\u043a\u043b\u0443\u0447\u0443\u0432\u0430\u0430\u0442 \u043e\u043f\u0435\u0440\u0430\u0446\u0438\u0458\u0430 \u0437\u0430 \u0432\u0440\u0435\u043c\u0435 \u043d\u0430 \u0431\u0440\u0435\u043c\u0435\u043d\u043e\u0441\u0442\u0430 \u0438\u043b\u0438 \u043f\u043e \u043f\u043e\u0440\u043e\u0434\u0443\u0432\u0430\u045a\u0435\u0442\u043e, \u0441\u043e \u0432\u043d\u0438\u043c\u0430\u0442\u0435\u043b\u043d\u043e \u0440\u0430\u0437\u0433\u043b\u0435\u0434\u0443\u0432\u0430\u045a\u0435 \u043d\u0430 \u0432\u0440\u0435\u043c\u0435\u0442\u043e \u0438 \u0431\u0435\u0437\u0431\u0435\u0434\u043d\u043e\u0441\u0442\u0430 \u043d\u0430 \u0445\u0435\u043c\u043e\u0442\u0435\u0440\u0430\u043f\u0438\u0458\u0430\u0442\u0430.<\/p>\n<p>\u0414\u043e\u043a\u0443\u043c\u0435\u043d\u0442\u0430\u0440\u043d\u0438\u043e\u0442 \u0444\u0438\u043b\u043c \u0458\u0430 \u043d\u0430\u0433\u043b\u0430\u0441\u0443\u0432\u0430 \u0438\u0437\u0434\u0440\u0436\u043b\u0438\u0432\u043e\u0441\u0442\u0430 \u0438 \u0445\u0440\u0430\u0431\u0440\u043e\u0441\u0442\u0430 \u043d\u0430 \u0436\u0435\u043d\u0438\u0442\u0435 \u043a\u043e\u0438 \u0441\u0435 \u0441\u043e\u043e\u0447\u0443\u0432\u0430\u0430\u0442 \u0441\u043e \u0440\u0430\u043a \u043d\u0430 \u0458\u0430\u0458\u043d\u0438\u0446\u0438\u0442\u0435 \u0438 \u0458\u0430 \u043d\u0430\u0433\u043b\u0430\u0441\u0443\u0432\u0430 \u0432\u0430\u0436\u043d\u043e\u0441\u0442\u0430 \u043e\u0434 \u0440\u0430\u043d\u043e \u043e\u0442\u043a\u0440\u0438\u0432\u0430\u045a\u0435 \u0438 \u0435\u0434\u0443\u043a\u0430\u0446\u0438\u0458\u0430. \u0421\u043e \u0448\u0438\u0440\u0435\u045a\u0435 \u043d\u0430 \u0441\u0432\u0435\u0441\u0442\u0430 \u0437\u0430 \u0437\u043d\u0430\u0446\u0438\u0442\u0435, \u0441\u0438\u043c\u043f\u0442\u043e\u043c\u0438\u0442\u0435 \u0438 \u043e\u043f\u0446\u0438\u0438\u0442\u0435 \u0437\u0430 \u0442\u0440\u0435\u0442\u043c\u0430\u043d \u043d\u0430 \u0440\u0430\u043a\u043e\u0442 \u043d\u0430 \u0458\u0430\u0458\u043d\u0438\u0446\u0438\u0442\u0435, \u043c\u043e\u0436\u0435\u043c\u0435 \u0434\u0430 \u0433\u0438 \u043f\u043e\u0442\u0442\u0438\u043a\u043d\u0435\u043c\u0435 \u0436\u0435\u043d\u0438\u0442\u0435 \u043d\u0430 \u0440\u0430\u043d\u043e \u0434\u0438\u0458\u0430\u0433\u043d\u043e\u0441\u0442\u0438\u0446\u0438\u0440\u0430\u045a\u0435 \u0438 \u0442\u0440\u0435\u0442\u043c\u0430\u043d.<\/p>\n<p>\u0424\u0438\u043b\u043c\u043e\u0442 \u0435 \u043f\u0440\u0435\u0432\u0435\u0434\u0435\u043d \u043d\u0430 \u0430\u043d\u0433\u043b\u0438\u0441\u043a\u0438, \u0430\u043b\u0431\u0430\u043d\u0441\u043a\u0438, \u0440\u043e\u043c\u0441\u043a\u0438 \u0438<a href=\"https:\/\/youtu.be\/b6ObVMnrbFE\">&nbsp;<strong>\u0437\u043d\u0430\u043a\u043e\u0432\u0435\u043d \u0458\u0430\u0437\u0438\u043a<\/strong><\/a><strong>.<\/strong><\/p>\n<p>\u041f\u0440\u0438\u0434\u0440\u0443\u0436\u0435\u0442\u0435 \u043d\u0438 \u0441\u0435 \u0432\u043e \u0431\u043e\u0440\u0431\u0430\u0442\u0430 \u043f\u0440\u043e\u0442\u0438\u0432 \u0440\u0430\u043a\u043e\u0442 \u043d\u0430 \u0458\u0430\u0458\u043d\u0438\u0446\u0438\u0442\u0435 \u0441\u043e \u0441\u043f\u043e\u0434\u0435\u043b\u0443\u0432\u0430\u045a\u0435 \u043d\u0430 \u0434\u043e\u043a\u0443\u043c\u0435\u043d\u0442\u0430\u0440\u043d\u043e\u0442\u043e \u0432\u0438\u0434\u0435\u043e \u201e\u041f\u0440\u0435\u0432\u0435\u043d\u0446\u0438\u0458\u0430 \u043f\u043e\u0434\u043e\u0431\u0440\u043e \u043e\u0434 \u043b\u0435\u043a\u0443\u0432\u0430\u045a\u0435\u201c<\/p>\n<p>\u041b\u0438\u043d\u043a \u0434\u043e \u0432\u0438\u0434\u0435\u043e\u0442\u043e \u2013 \u043c\u0430\u043a\u0435\u0434\u043e\u043d\u0441\u043a\u0438, \u0430\u043d\u0433\u043b\u0438\u0441\u043a\u0438, \u0430\u043b\u0431\u0430\u043d\u0441\u043a\u0438 \u0458\u0430\u0437\u0438\u043a (\u0442\u0440\u0435\u0431\u0430 \u0434\u0430 \u0441\u0435 \u043e\u0434\u0431\u0435\u0440\u0435 \u043f\u0440\u0435\u0432\u043e\u0434\u043e\u0442)<\/p>\n<p>\u041b\u0438\u043d\u043a \u0434\u043e \u0432\u0438\u0434\u0435\u043e\u0442\u043e \u043d\u0430 \u0437\u043d\u0430\u043a\u043e\u0432\u0435\u043d \u0458\u0430\u0437\u0438\u043a<\/p>\n<p>\u041b\u0438\u043d\u043a \u0434\u043e \u0432\u0438\u0434\u0435\u043e\u0442\u043e \u043d\u0430 \u0440\u043e\u043c\u0441\u043a\u0438 \u0458\u0430\u0437\u0438\u043a<\/p>\n<p>\u041b\u0438\u043d\u043a\u043e\u0432\u0438 \u0434\u043e \u0441\u043e\u0446\u0438\u0458\u0430\u043b\u043d\u0438\u0442\u0435 \u043a\u0430\u043d\u0430\u043b\u0438 \u043d\u0430 \u0411\u0438\u0434\u0438 \u0427\u043e\u0432\u0435\u043a<\/p>\n<p><a href=\"https:\/\/bidichovek.org.mk\/en\/\">https:\/\/bidichovek.org.mk<\/a><\/p>\n<p><a href=\"https:\/\/www.facebook.com\/Bidichovekmk\">https:\/\/www.facebook.com\/Bidichovekmk<\/a><\/p>\n<p><a href=\"https:\/\/www.instagram.com\/bidichovek\">https:\/\/www.instagram.com\/bidichovek<\/a><\/p>\n<p><a href=\"https:\/\/www.linkedin.com\/company\/be-human-mk\">https:\/\/www.linkedin.com\/company\/be-human-mk<\/a><\/p>\n<p><a href=\"https:\/\/www.youtube.com\/@BidiChovek\">https:\/\/www.youtube.com\/@BidiChovek<\/a><\/p>\n\n\t\t<\/div>\n\t<\/div>\n<\/div><\/div><\/div><\/div>\n<\/div>","protected":false},"excerpt":{"rendered":"\u0417\u0434\u0440\u0443\u0436\u0435\u043d\u0438\u0435\u0442\u043e \u0437\u0430 \u0443\u043d\u0430\u043f\u0440\u0435\u0434\u0443\u0432\u0430\u045a\u0435, \u043e\u0431\u0440\u0430\u0437\u043e\u0432\u0430\u043d\u0438\u0435 \u0438 \u0437\u0430\u0448\u0442\u0438\u0442\u0430 \u043d\u0430 \u0447\u043e\u0432\u0435\u043a\u043e\u0432\u0438\u0442\u0435 \u0438 \u0437\u0434\u0440\u0430\u0432\u0441\u0442\u0432\u0435\u043d\u0438\u0442\u0435 \u043f\u0440\u0430\u0432\u0430, \u0411\u0418\u0414\u0418 \u0427\u041e\u0412\u0415\u041a \u0421\u043a\u043e\u043f\u0458\u0435, \u0441\u043e \u043f\u043e\u0434\u0434\u0440\u0448\u043a\u0430 \u043e\u0434 dm drogerie markt \u0437\u0430\u043f\u043e\u0447\u043d\u0430 \u0441\u043e \u043a\u0430\u043c\u043f\u0430\u045a\u0430\u0442\u0430&nbsp;\u201e\u041f\u0440\u0435\u0432\u0435\u043d\u0446\u0438\u0458\u0430 \u043f\u043e\u0434\u043e\u0431\u0440\u043e \u043e\u0434 \u043b\u0435\u043a\u0443\u0432\u0430\u045a\u0435\u201c&nbsp;\u0437\u0430 \u043f\u043e\u0434\u0438\u0433\u043d\u0443\u0432\u0430\u045a\u0435 \u043d\u0430 \u0458\u0430\u0432\u043d\u0430\u0442\u0430 \u0441\u0432\u0435\u0441\u0442 \u0437\u0430 \u043e\u0432\u0430\u0440\u0438\u0458\u0430\u043b\u043d\u0438\u043e\u0442 \u043a\u0430\u0440\u0446\u0438\u043d\u043e\u043c. \u0417\u0430 \u043f\u043e\u0442\u0440\u0435\u0431\u0438\u0442\u0435 \u043d\u0430 \u043a\u0430\u043c\u043f\u0430\u045a\u0430\u0442\u0430 \u0435 \u0441\u043d\u0438\u043c\u0435\u043d&nbsp;\u0434\u043e\u043a\u0443\u043c\u0435\u043d\u0442\u0430\u0440\u0435\u043d \u0444\u0438\u043b\u043c&nbsp;\u0432\u043e \u043a\u043e\u0458 \u0441\u0432\u043e\u0438\u0442\u0435 \u043b\u0438\u0447\u043d\u0438 \u043f\u0440\u0438\u043a\u0430\u0437\u043d\u0438 \u0433\u0438 \u0440\u0430\u0441\u043a\u0430\u0436\u0443\u0432\u0430\u0430\u0442 \u0442\u0440\u0438 \u0438\u0437\u0432\u043e\u043d\u0440\u0435\u0434\u043d\u0438 \u0436\u0435\u043d\u0438&nbsp;\u0410\u043d\u0438\u0442\u0430 \u0411\u043e\u0448\u043a\u043e\u0432\u0430, \u0415\u043c\u0438\u043b\u0438\u0458\u0430 \u0425\u0440\u0438\u0441\u0442\u043e\u0432\u0441\u043a\u0430 \u041a\u043e\u0441\u0442\u043e\u0432\u0441\u043a\u0430 \u0438 \u041c\u0430\u0440\u0438\u0458\u0430 [...]","protected":false},"author":1,"featured_media":0,"parent":0,"menu_order":0,"comment_status":"closed","ping_status":"closed","template":"","meta":{"pagelayer_contact_templates":[],"_pagelayer_content":"","footnotes":""},"class_list":["post-2476","page","type-page","status-publish","hentry"],"_links":{"self":[{"href":"https:\/\/bidichovek.org.mk\/en\/wp-json\/wp\/v2\/pages\/2476","targetHints":{"allow":["GET"]}}],"collection":[{"href":"https:\/\/bidichovek.org.mk\/en\/wp-json\/wp\/v2\/pages"}],"about":[{"href":"https:\/\/bidichovek.org.mk\/en\/wp-json\/wp\/v2\/types\/page"}],"author":[{"embeddable":true,"href":"https:\/\/bidichovek.org.mk\/en\/wp-json\/wp\/v2\/users\/1"}],"replies":[{"embeddable":true,"href":"https:\/\/bidichovek.org.mk\/en\/wp-json\/wp\/v2\/comments?post=2476"}],"version-history":[{"count":6,"href":"https:\/\/bidichovek.org.mk\/en\/wp-json\/wp\/v2\/pages\/2476\/revisions"}],"predecessor-version":[{"id":2499,"href":"https:\/\/bidichovek.org.mk\/en\/wp-json\/wp\/v2\/pages\/2476\/revisions\/2499"}],"wp:attachment":[{"href":"https:\/\/bidichovek.org.mk\/en\/wp-json\/wp\/v2\/media?parent=2476"}],"curies":[{"name":"wp","href":"https:\/\/api.w.org\/{rel}","templated":true}]}}